{"id":801,"date":"2024-02-21T12:31:54","date_gmt":"2024-02-21T12:31:54","guid":{"rendered":"https:\/\/genedrivenetwork.org\/?page_id=801"},"modified":"2024-05-06T07:59:30","modified_gmt":"2024-05-06T07:59:30","slug":"what-is-gene-drive","status":"publish","type":"page","link":"https:\/\/genedrivenetwork.org\/es\/what-is-gene-drive\/","title":{"rendered":"What is gene drive"},"content":{"rendered":"<div class=\"wpb-content-wrapper\"><div class=\"vc_row wpb_row vc_row-fluid vc_custom_1708519654231 wpex-vc-full-width-row wpex-vc-full-width-row--centered wpex-relative wpex-vc_row-has-fill no-bottom-margins wpex-vc-reset-negative-margin\"><div class=\"wpb_column vc_column_container vc_col-sm-12\"><div class=\"vc_column-inner\"><div class=\"wpb_wrapper\"><div class=\"vcex-spacing wpex-w-100 wpex-clear hidden-phone\" style=\"height:30px;\"><\/div><div class=\"vc_row wpb_row vc_inner vc_row-fluid wpex-relative\"><div class=\"wpb_column vc_column_container vc_col-sm-4\"><div class=\"vc_column-inner\"><div class=\"wpb_wrapper\"><style>.vcex_69d2a9d75da55{font-size:32px!important;}@media (max-width:1024px){.vcex_69d2a9d75da55{font-size:30px!important;}}@media (max-width:959px){.vcex_69d2a9d75da55{font-size:30px!important;}}@media (max-width:767px){.vcex_69d2a9d75da55{font-size:28px!important;}}@media (max-width:479px){.vcex_69d2a9d75da55{font-size:24px!important;}}<\/style>\n\t<div style=\"color:var(--wpex-on-accent);letter-spacing:var(--wpex-tracking-normal);font-weight:700;line-height:var(--wpex-leading-tight);\" class=\"wpb_text_column vcex_69d2a9d75da55 has-custom-color wpex-child-inherit-color wpb_content_element wpb_animate_when_almost_visible wpb_fadeIn fadeIn vc_custom_1709565289916\" >\n\t\t<div class=\"wpb_wrapper\">\n\t\t\t<p>\u00bfQu\u00e9 es el impulso gen\u00e9tico?<\/p>\n\n\t\t<\/div>\n\t<\/div>\n<style>.vcex_69d2a9d75dbc8{font-size:16px!important;}@media (max-width:1024px){.vcex_69d2a9d75dbc8{font-size:16px!important;}}@media (max-width:959px){.vcex_69d2a9d75dbc8{font-size:15px!important;}}@media (max-width:767px){.vcex_69d2a9d75dbc8{font-size:15px!important;}}@media (max-width:479px){.vcex_69d2a9d75dbc8{font-size:15px!important;}}<\/style>\n\t<div style=\"color:#ffffff;\" class=\"wpb_text_column vcex_69d2a9d75dbc8 has-custom-color wpex-child-inherit-color wpb_content_element wpb_animate_when_almost_visible wpb_fadeIn fadeIn vc_custom_1709565302144\" >\n\t\t<div class=\"wpb_wrapper\">\n\t\t\t<p>El impulso gen\u00e9tico es un fen\u00f3meno gen\u00e9tico que se produce en la naturaleza y hace que un rasgo seleccionado se propague r\u00e1pidamente en una especie a trav\u00e9s de la reproducci\u00f3n sexual durante varias generaciones. El impulso gen\u00e9tico aumenta la probabilidad de que se herede un gen modificado. La mayor\u00eda de los genes tienen un 50\/50 de posibilidades de ser heredados, pero los sistemas de impulsores gen\u00e9ticos podr\u00edan aumentar esa probabilidad hasta m\u00e1s del 99%. Esto significa que, en el transcurso de varias generaciones, un rasgo seleccionado podr\u00eda volverse cada vez m\u00e1s com\u00fan dentro de una especie espec\u00edfica.<\/p>\n\n\t\t<\/div>\n\t<\/div>\n<\/div><\/div><\/div><div class=\"wpb_column vc_column_container vc_col-sm-8\"><div class=\"vc_column-inner\"><div class=\"wpb_wrapper\"><figure class=\"vcex-image vcex-module wpex-text-center  wpb_animate_when_almost_visible wpb_fadeIn fadeIn\"><div class=\"vcex-image-inner wpex-relative wpex-inline-block\"><img width=\"1440\" height=\"621\" src=\"https:\/\/genedrivenetwork.org\/wp-content\/uploads\/2024\/05\/Mendelian-Inheritance-vs-Gene-Drive-Inheritance_Mendelian-SP.png\" class=\"vcex-image-img wpex-align-middle\" alt=\"\" loading=\"lazy\" decoding=\"async\" srcset=\"https:\/\/genedrivenetwork.org\/wp-content\/uploads\/2024\/05\/Mendelian-Inheritance-vs-Gene-Drive-Inheritance_Mendelian-SP.png 6000w, https:\/\/genedrivenetwork.org\/wp-content\/uploads\/2024\/05\/Mendelian-Inheritance-vs-Gene-Drive-Inheritance_Mendelian-SP-1280x552.png 1280w, https:\/\/genedrivenetwork.org\/wp-content\/uploads\/2024\/05\/Mendelian-Inheritance-vs-Gene-Drive-Inheritance_Mendelian-SP-1920x828.png 1920w, https:\/\/genedrivenetwork.org\/wp-content\/uploads\/2024\/05\/Mendelian-Inheritance-vs-Gene-Drive-Inheritance_Mendelian-SP-768x331.png 768w, https:\/\/genedrivenetwork.org\/wp-content\/uploads\/2024\/05\/Mendelian-Inheritance-vs-Gene-Drive-Inheritance_Mendelian-SP-1536x662.png 1536w, https:\/\/genedrivenetwork.org\/wp-content\/uploads\/2024\/05\/Mendelian-Inheritance-vs-Gene-Drive-Inheritance_Mendelian-SP-2048x883.png 2048w, https:\/\/genedrivenetwork.org\/wp-content\/uploads\/2024\/05\/Mendelian-Inheritance-vs-Gene-Drive-Inheritance_Mendelian-SP-18x8.png 18w\" sizes=\"auto, (max-width: 1440px) 100vw, 1440px\" \/><\/div><\/figure><\/div><\/div><\/div><\/div><div class=\"vcex-spacing wpex-w-100 wpex-clear hidden-phone\" style=\"height:20px;\"><\/div><\/div><\/div><\/div><\/div><div class=\"vc_row wpb_row vc_row-fluid vc_custom_1708526056085 wpex-vc-full-width-row wpex-vc-full-width-row--centered wpex-relative wpex-vc_row-has-fill bg-fixed-bottom wpex-vc-bg-fixed wpex-vc-bg-bottom wpex-vc-reset-negative-margin\"><div class=\"wpb_column vc_column_container vc_col-sm-12 vc_col-lg-7 vc_col-xs-12\"><div class=\"vc_column-inner\"><div class=\"wpb_wrapper\">\n\t<div class=\"wpb_video_widget wpb_content_element vc_clearfix  wpb_animate_when_almost_visible wpb_fadeIn fadeIn  vc_video-aspect-ratio-169 vc_video-el-width-100 vc_video-align-left\" >\n\t\t<div class=\"wpb_wrapper\">\n\t\t\t\n\t\t\t<div class=\"wpb_video_wrapper\"><span class=\"wpex-responsive-media\"><iframe title=\"What&#039;s the difference between gene drive and CRISPR?\" width=\"500\" height=\"281\" src=\"https:\/\/www.youtube.com\/embed\/de2zMzWPvOU?feature=oembed\"  allow=\"accelerometer; autoplay; clipboard-write; encrypted-media; gyroscope; picture-in-picture; web-share\" allowfullscreen><\/iframe><\/span><\/div>\n\t\t<\/div>\n\t<\/div>\n<style>.vcex_69d2a9d75f22a{font-size:20px!important;}@media (max-width:1024px){.vcex_69d2a9d75f22a{font-size:18px!important;}}@media (max-width:959px){.vcex_69d2a9d75f22a{font-size:18px!important;}}@media (max-width:767px){.vcex_69d2a9d75f22a{font-size:14px!important;}}@media (max-width:479px){.vcex_69d2a9d75f22a{font-size:14px!important;}}<\/style>\n\t<div style=\"color:var(--wpex-accent);font-weight:700;line-height:var(--wpex-leading-tight);\" class=\"wpb_text_column vcex_69d2a9d75f22a has-custom-color wpex-child-inherit-color wpb_content_element wpb_animate_when_almost_visible wpb_fadeIn fadeIn vc_custom_1709565334185\" >\n\t\t<div class=\"wpb_wrapper\">\n\t\t\t<p>\u00bfCu\u00e1l es la diferencia entre impulso gen\u00e9tico y CRISPR?<\/p>\n\n\t\t<\/div>\n\t<\/div>\n<div class=\"vcex-module vcex-divider vcex-divider-solid  wpb_animate_when_almost_visible wpb_fadeIn fadeIn vcex-divider-center wpex-mx-auto wpex-block wpex-h-0 wpex-border-b wpex-border-solid wpex-border-main\" style=\"margin-block-start:2px;border-bottom-width:4px;border-color:var(--wpex-on-accent);\"><\/div><\/div><\/div><\/div><\/div><div class=\"vc_row wpb_row vc_row-fluid vc_custom_1708522281161 wpex-vc-full-width-row wpex-vc-full-width-row--centered wpex-relative wpex-vc_row-has-fill wpex-vc-reset-negative-margin\"><div class=\"wpb_column vc_column_container vc_col-sm-12 vc_col-lg-offset-2 vc_col-lg-10 vc_col-xs-12\"><div class=\"vc_column-inner\"><div class=\"wpb_wrapper\"><div class=\"vcex-spacing wpex-w-100 wpex-clear hide-at-mm-breakpoint\" style=\"height:10px;\"><\/div><style>.vcex_69d2a9d75fc77{font-size:22px!important;}@media (max-width:1024px){.vcex_69d2a9d75fc77{font-size:22px!important;}}@media (max-width:959px){.vcex_69d2a9d75fc77{font-size:22px!important;}}@media (max-width:767px){.vcex_69d2a9d75fc77{font-size:18px!important;}}@media (max-width:479px){.vcex_69d2a9d75fc77{font-size:18px!important;}}<\/style>\n\t<div style=\"color:var(--wpex-accent);font-weight:700;\" class=\"wpb_text_column vcex_69d2a9d75fc77 has-custom-color wpex-child-inherit-color wpb_content_element wpb_animate_when_almost_visible wpb_fadeIn fadeIn vc_custom_1709565353819\" >\n\t\t<div class=\"wpb_wrapper\">\n\t\t\t<p>Los investigadores han estado estudiando c\u00f3mo aprovechar los impulsores gen\u00e9ticos para resolver algunos de los problemas m\u00e1s intratables de la sociedad. La salud p\u00fablica y la conservaci\u00f3n de la biodiversidad son dos de las principales \u00e1reas en las que se ha centrado la investigaci\u00f3n, aunque tambi\u00e9n se est\u00e1n investigando otras aplicaciones potenciales.<\/p>\n\n\t\t<\/div>\n\t<\/div>\n<div class=\"vcex-spacing wpex-w-100 wpex-clear hide-at-mm-breakpoint\" style=\"height:20px;\"><\/div><div class=\"vc_row wpb_row vc_inner vc_row-fluid wpex-relative no-bottom-margins\"><div class=\"wpb_column vc_column_container vc_col-sm-12 vc_col-lg-offset-1 vc_col-lg-11\"><div class=\"vc_column-inner\"><div class=\"wpb_wrapper\"><style>.vcex_69d2a9d7601c6{font-size:16px!important;}@media (max-width:1024px){.vcex_69d2a9d7601c6{font-size:16px!important;}}@media (max-width:959px){.vcex_69d2a9d7601c6{font-size:16px!important;}}@media (max-width:767px){.vcex_69d2a9d7601c6{font-size:15px!important;}}@media (max-width:479px){.vcex_69d2a9d7601c6{font-size:15px!important;}}<\/style>\n\t<div style=\"color:#000000;\" class=\"wpb_text_column vcex_69d2a9d7601c6 has-custom-color wpex-child-inherit-color wpb_content_element wpb_animate_when_almost_visible wpb_fadeIn fadeIn vc_custom_1709565363429\" >\n\t\t<div class=\"wpb_wrapper\">\n\t\t\t<p><strong>Salud p\u00fablica:<\/strong> Se han presentado varias propuestas que utilizar\u00edan el impulso gen\u00e9tico para limitar la propagaci\u00f3n de enfermedades, en particular las transmitidas por insectos vectores, como la malaria, que afecta a millones de personas cada a\u00f1o. Esto podr\u00eda hacerse insertando un rasgo que haga que el organismo vector no pueda transmitir la enfermedad, o uno que reduzca la poblaci\u00f3n del vector afectando a su capacidad de reproducirse.<\/p>\n\n\t\t<\/div>\n\t<\/div>\n<\/div><\/div><\/div><\/div><div class=\"vc_row wpb_row vc_inner vc_row-fluid wpex-relative no-bottom-margins\"><div class=\"wpb_column vc_column_container vc_col-sm-12 vc_col-lg-offset-2 vc_col-lg-10\"><div class=\"vc_column-inner\"><div class=\"wpb_wrapper\"><style>.vcex_69d2a9d76065e{font-size:16px!important;}@media (max-width:1024px){.vcex_69d2a9d76065e{font-size:16px!important;}}@media (max-width:959px){.vcex_69d2a9d76065e{font-size:16px!important;}}@media (max-width:767px){.vcex_69d2a9d76065e{font-size:15px!important;}}@media (max-width:479px){.vcex_69d2a9d76065e{font-size:15px!important;}}<\/style>\n\t<div style=\"color:#000000;\" class=\"wpb_text_column vcex_69d2a9d76065e has-custom-color wpex-child-inherit-color wpb_content_element wpb_animate_when_almost_visible wpb_fadeIn fadeIn\" >\n\t\t<div class=\"wpb_wrapper\">\n\t\t\t<p><strong>Conservaci\u00f3n:<\/strong> Las aplicaciones potenciales del impulso gen\u00e9tico en este campo podr\u00edan permitir la eliminaci\u00f3n de especies ex\u00f3ticas invasoras que amenazan los ecosistemas nativos o son portadoras de enfermedades infecciosas que ponen en peligro la supervivencia de las especies aut\u00f3ctonas. Por ejemplo, se est\u00e1 estudiando la posibilidad de gestionar las poblaciones de ratas invasoras en las islas, que socavan la supervivencia de muchos animales y aves locales y son la principal causa de extinci\u00f3n en estos fr\u00e1giles ecosistemas.<\/p>\n\n\t\t<\/div>\n\t<\/div>\n<\/div><\/div><\/div><\/div><\/div><\/div><\/div><\/div><div class=\"vc_row wpb_row vc_row-fluid vc_custom_1708525527782 vc_row-o-content-top vc_row-flex wpex-vc-full-width-row wpex-vc-full-width-row--centered wpex-relative wpex-vc_row-has-fill wpex-vc-reset-negative-margin\"><div class=\"wpb_column vc_column_container vc_col-sm-6\"><div class=\"vc_column-inner\"><div class=\"wpb_wrapper\"><style>.vcex_69d2a9d760f15{font-size:32px!important;}@media (max-width:1024px){.vcex_69d2a9d760f15{font-size:32px!important;}}@media (max-width:959px){.vcex_69d2a9d760f15{font-size:32px!important;}}@media (max-width:767px){.vcex_69d2a9d760f15{font-size:28px!important;}}@media (max-width:479px){.vcex_69d2a9d760f15{font-size:24px!important;}}<\/style>\n\t<div style=\"color:var(--wpex-accent);letter-spacing:var(--wpex-tracking-normal);font-weight:700;line-height:var(--wpex-leading-tight);\" class=\"wpb_text_column vcex_69d2a9d760f15 has-custom-color wpex-child-inherit-color wpb_content_element wpb_animate_when_almost_visible wpb_fadeIn fadeIn vc_custom_1710231492470\" >\n\t\t<div class=\"wpb_wrapper\">\n\t\t\t<p>Cronolog\u00eda de la investigaci\u00f3n<\/p>\n\n\t\t<\/div>\n\t<\/div>\n<style>.vcex_69d2a9d7610c8{font-size:16px!important;}@media (max-width:1024px){.vcex_69d2a9d7610c8{font-size:16px!important;}}@media (max-width:959px){.vcex_69d2a9d7610c8{font-size:16px!important;}}@media (max-width:767px){.vcex_69d2a9d7610c8{font-size:15px!important;}}@media (max-width:479px){.vcex_69d2a9d7610c8{font-size:15px!important;}}<\/style>\n\t<div style=\"color:#000000;\" class=\"wpb_text_column vcex_69d2a9d7610c8 has-custom-color wpex-child-inherit-color wpb_content_element wpb_animate_when_almost_visible wpb_fadeIn fadeIn\" >\n\t\t<div class=\"wpb_wrapper\">\n\t\t\t<p>Hace m\u00e1s de 15 a\u00f1os que se investigan las aplicaciones de los impulsores gen\u00e9ticos a la salud p\u00fablica y la conservaci\u00f3n, pero el fen\u00f3meno de los impulsores gen\u00e9ticos se estudia <a href=\"https:\/\/www.geneconvenevi.org\/gene-drive-timeline\/\">desde principios de los a\u00f1os sesenta<\/a>. Aunque se han propuesto muchas aplicaciones, a\u00fan no se han realizado pruebas de campo ni se han liberado impulsores gen\u00e9ticos en el medio ambiente. Seg\u00fan el actual desarrollo de una herramienta para controlar las poblaciones de mosquitos portadores de la malaria, una herramienta basada en el impulso gen\u00e9tico podr\u00eda estar lista para evaluaci\u00f3n y aprobaci\u00f3n reglamentaria en los pr\u00f3ximos 5 a\u00f1os. La investigaci\u00f3n para controlar las poblaciones de ratas invasoras en las islas mediante tecnolog\u00edas de impulso gen\u00e9tico tiene un plazo similar.<\/p>\n\n\t\t<\/div>\n\t<\/div>\n<\/div><\/div><\/div><div class=\"wpb_column vc_column_container vc_col-sm-6\"><div class=\"vc_column-inner\"><div class=\"wpb_wrapper\"><div class=\"vcex-spacing wpex-w-100 wpex-clear hide-at-mm-breakpoint\" style=\"height:20px;\"><\/div><figure class=\"vcex-image vcex-module  wpb_animate_when_almost_visible wpb_fadeIn fadeIn\"><div class=\"vcex-image-inner wpex-relative wpex-inline-block\"><img width=\"1000\" height=\"500\" src=\"https:\/\/genedrivenetwork.org\/wp-content\/uploads\/2024\/02\/timeline-arrow.png\" class=\"vcex-image-img wpex-align-middle\" alt=\"\" loading=\"lazy\" decoding=\"async\" srcset=\"https:\/\/genedrivenetwork.org\/wp-content\/uploads\/2024\/02\/timeline-arrow.png 1000w, https:\/\/genedrivenetwork.org\/wp-content\/uploads\/2024\/02\/timeline-arrow-768x384.png 768w\" sizes=\"auto, (max-width: 1000px) 100vw, 1000px\" \/><\/div><\/figure><\/div><\/div><\/div><\/div>\n<\/div>","protected":false},"excerpt":{"rendered":"What is gene drive? Gene drive is a genetic phenomenon that occurs in nature and causes a selected trait to spread rapidly through a species via sexual reproduction over several generations. Gene drive works by increasing the likelihood that a modified gene will be inherited. Most genes have a 50\/50 chance of being inherited, but&hellip;","protected":false},"author":1,"featured_media":2733,"parent":0,"menu_order":0,"comment_status":"closed","ping_status":"closed","template":"templates\/no-sidebar-no-page-title.php","meta":{"footnotes":""},"class_list":["post-801","page","type-page","status-publish","has-post-thumbnail","hentry","entry","has-media"],"yoast_head":"<!-- This site is optimized with the Yoast SEO plugin v27.3 - https:\/\/yoast.com\/product\/yoast-seo-wordpress\/ -->\n<title>What is gene drive?<\/title>\n<meta name=\"description\" content=\"Gene drive technology rapidly spreads selected traits through species via sexual reproduction, increasing chance of inheritance to over 99%.\" \/>\n<meta name=\"robots\" content=\"index, follow, max-snippet:-1, max-image-preview:large, max-video-preview:-1\" \/>\n<link rel=\"canonical\" href=\"https:\/\/genedrivenetwork.org\/es\/what-is-gene-drive\/\" \/>\n<meta property=\"og:locale\" content=\"es_ES\" \/>\n<meta property=\"og:type\" content=\"article\" \/>\n<meta property=\"og:title\" content=\"What is gene drive?\" \/>\n<meta property=\"og:description\" content=\"Gene drive technology rapidly spreads selected traits through species via sexual reproduction, increasing chance of inheritance to over 99%.\" \/>\n<meta property=\"og:url\" content=\"https:\/\/genedrivenetwork.org\/es\/what-is-gene-drive\/\" \/>\n<meta property=\"og:site_name\" content=\"Gene Drive Network\" \/>\n<meta property=\"article:modified_time\" content=\"2024-05-06T07:59:30+00:00\" \/>\n<meta property=\"og:image\" content=\"https:\/\/genedrivenetwork.org\/wp-content\/uploads\/2024\/05\/TM-BF-2023-Mise-en-cage-des-moustiques.jpg\" \/>\n\t<meta property=\"og:image:width\" content=\"1000\" \/>\n\t<meta property=\"og:image:height\" content=\"667\" \/>\n\t<meta property=\"og:image:type\" content=\"image\/jpeg\" \/>\n<meta name=\"twitter:card\" content=\"summary_large_image\" \/>\n<meta name=\"twitter:label1\" content=\"Tiempo de lectura\" \/>\n\t<meta name=\"twitter:data1\" content=\"3 minutos\" \/>\n<script type=\"application\/ld+json\" class=\"yoast-schema-graph\">{\"@context\":\"https:\\\/\\\/schema.org\",\"@graph\":[{\"@type\":\"WebPage\",\"@id\":\"https:\\\/\\\/genedrivenetwork.org\\\/what-is-gene-drive\\\/\",\"url\":\"https:\\\/\\\/genedrivenetwork.org\\\/what-is-gene-drive\\\/\",\"name\":\"What is gene drive?\",\"isPartOf\":{\"@id\":\"https:\\\/\\\/yellow-elephant-938991.hostingersite.com\\\/#website\"},\"primaryImageOfPage\":{\"@id\":\"https:\\\/\\\/genedrivenetwork.org\\\/what-is-gene-drive\\\/#primaryimage\"},\"image\":{\"@id\":\"https:\\\/\\\/genedrivenetwork.org\\\/what-is-gene-drive\\\/#primaryimage\"},\"thumbnailUrl\":\"https:\\\/\\\/genedrivenetwork.org\\\/wp-content\\\/uploads\\\/2024\\\/05\\\/TM-BF-2023-Mise-en-cage-des-moustiques.jpg\",\"datePublished\":\"2024-02-21T12:31:54+00:00\",\"dateModified\":\"2024-05-06T07:59:30+00:00\",\"description\":\"Gene drive technology rapidly spreads selected traits through species via sexual reproduction, increasing chance of inheritance to over 99%.\",\"breadcrumb\":{\"@id\":\"https:\\\/\\\/genedrivenetwork.org\\\/what-is-gene-drive\\\/#breadcrumb\"},\"inLanguage\":\"es\",\"potentialAction\":[{\"@type\":\"ReadAction\",\"target\":[\"https:\\\/\\\/genedrivenetwork.org\\\/what-is-gene-drive\\\/\"]}]},{\"@type\":\"ImageObject\",\"inLanguage\":\"es\",\"@id\":\"https:\\\/\\\/genedrivenetwork.org\\\/what-is-gene-drive\\\/#primaryimage\",\"url\":\"https:\\\/\\\/genedrivenetwork.org\\\/wp-content\\\/uploads\\\/2024\\\/05\\\/TM-BF-2023-Mise-en-cage-des-moustiques.jpg\",\"contentUrl\":\"https:\\\/\\\/genedrivenetwork.org\\\/wp-content\\\/uploads\\\/2024\\\/05\\\/TM-BF-2023-Mise-en-cage-des-moustiques.jpg\",\"width\":1000,\"height\":667,\"caption\":\"gene drive technology\"},{\"@type\":\"BreadcrumbList\",\"@id\":\"https:\\\/\\\/genedrivenetwork.org\\\/what-is-gene-drive\\\/#breadcrumb\",\"itemListElement\":[{\"@type\":\"ListItem\",\"position\":1,\"name\":\"Home\",\"item\":\"https:\\\/\\\/yellow-elephant-938991.hostingersite.com\\\/\"},{\"@type\":\"ListItem\",\"position\":2,\"name\":\"What is gene drive\"}]},{\"@type\":\"WebSite\",\"@id\":\"https:\\\/\\\/yellow-elephant-938991.hostingersite.com\\\/#website\",\"url\":\"https:\\\/\\\/yellow-elephant-938991.hostingersite.com\\\/\",\"name\":\"Gene Drive Network\",\"description\":\"\",\"publisher\":{\"@id\":\"https:\\\/\\\/yellow-elephant-938991.hostingersite.com\\\/#organization\"},\"potentialAction\":[{\"@type\":\"SearchAction\",\"target\":{\"@type\":\"EntryPoint\",\"urlTemplate\":\"https:\\\/\\\/yellow-elephant-938991.hostingersite.com\\\/?s={search_term_string}\"},\"query-input\":{\"@type\":\"PropertyValueSpecification\",\"valueRequired\":true,\"valueName\":\"search_term_string\"}}],\"inLanguage\":\"es\"},{\"@type\":\"Organization\",\"@id\":\"https:\\\/\\\/yellow-elephant-938991.hostingersite.com\\\/#organization\",\"name\":\"Gene Drive Network\",\"url\":\"https:\\\/\\\/yellow-elephant-938991.hostingersite.com\\\/\",\"logo\":{\"@type\":\"ImageObject\",\"inLanguage\":\"es\",\"@id\":\"https:\\\/\\\/yellow-elephant-938991.hostingersite.com\\\/#\\\/schema\\\/logo\\\/image\\\/\",\"url\":\"https:\\\/\\\/genedrivenetwork.org\\\/wp-content\\\/uploads\\\/2024\\\/02\\\/network-logo_white.png\",\"contentUrl\":\"https:\\\/\\\/genedrivenetwork.org\\\/wp-content\\\/uploads\\\/2024\\\/02\\\/network-logo_white.png\",\"width\":1655,\"height\":283,\"caption\":\"Gene Drive Network\"},\"image\":{\"@id\":\"https:\\\/\\\/yellow-elephant-938991.hostingersite.com\\\/#\\\/schema\\\/logo\\\/image\\\/\"}}]}<\/script>\n<!-- \/ Yoast SEO plugin. -->","yoast_head_json":{"title":"\u00bfQu\u00e9 es el impulso gen\u00e9tico?","description":"Gene drive technology rapidly spreads selected traits through species via sexual reproduction, increasing chance of inheritance to over 99%.","robots":{"index":"index","follow":"follow","max-snippet":"max-snippet:-1","max-image-preview":"max-image-preview:large","max-video-preview":"max-video-preview:-1"},"canonical":"https:\/\/genedrivenetwork.org\/es\/what-is-gene-drive\/","og_locale":"es_ES","og_type":"article","og_title":"What is gene drive?","og_description":"Gene drive technology rapidly spreads selected traits through species via sexual reproduction, increasing chance of inheritance to over 99%.","og_url":"https:\/\/genedrivenetwork.org\/es\/what-is-gene-drive\/","og_site_name":"Gene Drive Network","article_modified_time":"2024-05-06T07:59:30+00:00","og_image":[{"width":1000,"height":667,"url":"https:\/\/genedrivenetwork.org\/wp-content\/uploads\/2024\/05\/TM-BF-2023-Mise-en-cage-des-moustiques.jpg","type":"image\/jpeg"}],"twitter_card":"summary_large_image","twitter_misc":{"Tiempo de lectura":"3 minutos"},"schema":{"@context":"https:\/\/schema.org","@graph":[{"@type":"WebPage","@id":"https:\/\/genedrivenetwork.org\/what-is-gene-drive\/","url":"https:\/\/genedrivenetwork.org\/what-is-gene-drive\/","name":"\u00bfQu\u00e9 es el impulso gen\u00e9tico?","isPartOf":{"@id":"https:\/\/yellow-elephant-938991.hostingersite.com\/#website"},"primaryImageOfPage":{"@id":"https:\/\/genedrivenetwork.org\/what-is-gene-drive\/#primaryimage"},"image":{"@id":"https:\/\/genedrivenetwork.org\/what-is-gene-drive\/#primaryimage"},"thumbnailUrl":"https:\/\/genedrivenetwork.org\/wp-content\/uploads\/2024\/05\/TM-BF-2023-Mise-en-cage-des-moustiques.jpg","datePublished":"2024-02-21T12:31:54+00:00","dateModified":"2024-05-06T07:59:30+00:00","description":"Gene drive technology rapidly spreads selected traits through species via sexual reproduction, increasing chance of inheritance to over 99%.","breadcrumb":{"@id":"https:\/\/genedrivenetwork.org\/what-is-gene-drive\/#breadcrumb"},"inLanguage":"es","potentialAction":[{"@type":"ReadAction","target":["https:\/\/genedrivenetwork.org\/what-is-gene-drive\/"]}]},{"@type":"ImageObject","inLanguage":"es","@id":"https:\/\/genedrivenetwork.org\/what-is-gene-drive\/#primaryimage","url":"https:\/\/genedrivenetwork.org\/wp-content\/uploads\/2024\/05\/TM-BF-2023-Mise-en-cage-des-moustiques.jpg","contentUrl":"https:\/\/genedrivenetwork.org\/wp-content\/uploads\/2024\/05\/TM-BF-2023-Mise-en-cage-des-moustiques.jpg","width":1000,"height":667,"caption":"gene drive technology"},{"@type":"BreadcrumbList","@id":"https:\/\/genedrivenetwork.org\/what-is-gene-drive\/#breadcrumb","itemListElement":[{"@type":"ListItem","position":1,"name":"Home","item":"https:\/\/yellow-elephant-938991.hostingersite.com\/"},{"@type":"ListItem","position":2,"name":"What is gene drive"}]},{"@type":"WebSite","@id":"https:\/\/yellow-elephant-938991.hostingersite.com\/#website","url":"https:\/\/yellow-elephant-938991.hostingersite.com\/","name":"Gene Drive Network","description":"","publisher":{"@id":"https:\/\/yellow-elephant-938991.hostingersite.com\/#organization"},"potentialAction":[{"@type":"SearchAction","target":{"@type":"EntryPoint","urlTemplate":"https:\/\/yellow-elephant-938991.hostingersite.com\/?s={search_term_string}"},"query-input":{"@type":"PropertyValueSpecification","valueRequired":true,"valueName":"search_term_string"}}],"inLanguage":"es"},{"@type":"Organization","@id":"https:\/\/yellow-elephant-938991.hostingersite.com\/#organization","name":"Gene Drive Network","url":"https:\/\/yellow-elephant-938991.hostingersite.com\/","logo":{"@type":"ImageObject","inLanguage":"es","@id":"https:\/\/yellow-elephant-938991.hostingersite.com\/#\/schema\/logo\/image\/","url":"https:\/\/genedrivenetwork.org\/wp-content\/uploads\/2024\/02\/network-logo_white.png","contentUrl":"https:\/\/genedrivenetwork.org\/wp-content\/uploads\/2024\/02\/network-logo_white.png","width":1655,"height":283,"caption":"Gene Drive Network"},"image":{"@id":"https:\/\/yellow-elephant-938991.hostingersite.com\/#\/schema\/logo\/image\/"}}]}},"_links":{"self":[{"href":"https:\/\/genedrivenetwork.org\/es\/wp-json\/wp\/v2\/pages\/801","targetHints":{"allow":["GET"]}}],"collection":[{"href":"https:\/\/genedrivenetwork.org\/es\/wp-json\/wp\/v2\/pages"}],"about":[{"href":"https:\/\/genedrivenetwork.org\/es\/wp-json\/wp\/v2\/types\/page"}],"author":[{"embeddable":true,"href":"https:\/\/genedrivenetwork.org\/es\/wp-json\/wp\/v2\/users\/1"}],"replies":[{"embeddable":true,"href":"https:\/\/genedrivenetwork.org\/es\/wp-json\/wp\/v2\/comments?post=801"}],"version-history":[{"count":5,"href":"https:\/\/genedrivenetwork.org\/es\/wp-json\/wp\/v2\/pages\/801\/revisions"}],"predecessor-version":[{"id":2736,"href":"https:\/\/genedrivenetwork.org\/es\/wp-json\/wp\/v2\/pages\/801\/revisions\/2736"}],"wp:featuredmedia":[{"embeddable":true,"href":"https:\/\/genedrivenetwork.org\/es\/wp-json\/wp\/v2\/media\/2733"}],"wp:attachment":[{"href":"https:\/\/genedrivenetwork.org\/es\/wp-json\/wp\/v2\/media?parent=801"}],"curies":[{"name":"wp","href":"https:\/\/api.w.org\/{rel}","templated":true}]}}